{"id":13022,"date":"2022-12-24T15:59:27","date_gmt":"2022-12-24T15:59:27","guid":{"rendered":"http:\/\/beta.tammikupesula.ee\/?page_id=13022"},"modified":"2022-12-24T17:37:48","modified_gmt":"2022-12-24T17:37:48","slug":"autode-sisepuhastus-koristus","status":"publish","type":"page","link":"https:\/\/beta.tammikupesula.ee\/?page_id=13022","title":{"rendered":"Sisepuhastus"},"content":{"rendered":"<section class=\"wpb-content-wrapper\"><p>[vc_row css=&#8221;.vc_custom_1671903466058{margin-top: -20px !important;}&#8221;][vc_column width=&#8221;1\/2&#8243;][vc_column_text]<\/p>\n<h2>AUTODE SISEPUHASTUS \/ KORISTUS<\/h2>\n<h3>Teostatavad t\u00f6\u00f6d<\/h3>\n<p><strong><span style=\"color: #3d92e4;\">[icon type=&#8221;fas fa-check&#8221;]<\/span>\u00a0 <span style=\"color: #343434;\">Porimattide puhastus<\/span><\/strong><br \/>\n<strong><span style=\"color: #3d92e4;\">[icon type=&#8221;fas fa-check&#8221;]<\/span>\u00a0 <span style=\"color: #343434;\">Suru\u00f5huga eelpuhastus ( polstri, armatuuri jt. plastikdetailide, pragude, istmealuste suru\u00f5hu ja pintsliga puhastamine )<\/span><\/strong><br \/>\n<strong><span style=\"color: #3d92e4;\">[icon type=&#8221;fas fa-check&#8221;]<\/span>\u00a0 <span style=\"color: #343434;\">Niiske lapiga puhastamine<\/span><\/strong><br \/>\n<strong><span style=\"color: #3d92e4;\">[icon type=&#8221;fas fa-check&#8221;]<\/span>\u00a0 <span style=\"color: #343434;\">Klaaside puhastamine<\/span><\/strong><br \/>\n<strong><span style=\"color: #3d92e4;\">[icon type=&#8221;fas fa-check&#8221;]<\/span>\u00a0 <span style=\"color: #343434;\">\u0160vammi v\u00f5i pesuharjaga h\u00f5\u00f5rumine<\/span><\/strong><br \/>\n<strong><span style=\"color: #3d92e4;\">[icon type=&#8221;fas fa-check&#8221;]<\/span>\u00a0 <span style=\"color: #343434;\">Survepesuga loputamine<\/span><\/strong>[\/vc_column_text][\/vc_column][vc_column width=&#8221;1\/2&#8243;][vc_column_text css=&#8221;.vc_custom_1671897780716{margin-bottom: -50px !important;}&#8221;]<\/p>\n<h2>T\u00d6\u00d6DE HULKA KUULUB:<\/h2>\n<p><strong><span style=\"color: #3d92e4;\">[icon type=&#8221;fas fa-check&#8221;]<\/span>\u00a0 <span style=\"color: #343434;\">Kummimattide pesu, tekstiilmattide puhastus<\/span><\/strong><br \/>\n<strong><span style=\"color: #3d92e4;\">[icon type=&#8221;fas fa-check&#8221;]<\/span>\u00a0 <span style=\"color: #343434;\">Ukseavad<\/span><\/strong><br \/>\n<strong><span style=\"color: #3d92e4;\">[icon type=&#8221;fas fa-check&#8221;]<\/span>\u00a0 <span style=\"color: #343434;\">Tagaluugi ava \u00e4\u00e4red<\/span><\/strong><br \/>\n<strong><span style=\"color: #3d92e4;\">[icon type=&#8221;fas fa-check&#8221;]<\/span>\u00a0 <span style=\"color: #343434;\">Katuseluuk<\/span><\/strong><br \/>\n<strong><span style=\"color: #3d92e4;\">[icon type=&#8221;fas fa-check&#8221;]<\/span>\u00a0 <span style=\"color: #343434;\">Katuseluugi ava ja \u00e4\u00e4red<\/span><\/strong><br \/>\n<strong><span style=\"color: #3d92e4;\">[icon type=&#8221;fas fa-check&#8221;]<\/span>\u00a0 <span style=\"color: #343434;\">Polstrid<\/span><\/strong><br \/>\n<strong><span style=\"color: #3d92e4;\">[icon type=&#8221;fas fa-check&#8221;]<\/span>\u00a0 <span style=\"color: #343434;\">Armatuur<\/span><\/strong><br \/>\n<strong><span style=\"color: #3d92e4;\">[icon type=&#8221;fas fa-check&#8221;]<\/span>\u00a0 <span style=\"color: #343434;\">P\u00f5rand<\/span><\/strong><br \/>\n<strong><span style=\"color: #3d92e4;\">[icon type=&#8221;fas fa-check&#8221;]<\/span>\u00a0 <span style=\"color: #343434;\">Avatud sahtlid<\/span><\/strong><br \/>\n<strong><span style=\"color: #3d92e4;\">[icon type=&#8221;fas fa-check&#8221;]<\/span>\u00a0 <span style=\"color: #343434;\">Laekad<\/span><\/strong><br \/>\n<strong><span style=\"color: #3d92e4;\">[icon type=&#8221;fas fa-check&#8221;]<\/span>\u00a0 <span style=\"color: #343434;\">Pagasiruum<\/span><\/strong><br \/>\n<strong><span style=\"color: #3d92e4;\">[icon type=&#8221;fas fa-check&#8221;]<\/span>\u00a0 <span style=\"color: #343434;\">Klaaside sisepinnad<\/span><\/strong>[\/vc_column_text][\/vc_column][\/vc_row]<\/p>\n<\/section>","protected":false},"excerpt":{"rendered":"<p>Any building or structure more than two stories high requires special window cleaning. We have well-made, well-maintained tools<\/p>\n","protected":false},"author":1,"featured_media":12468,"parent":794,"menu_order":0,"comment_status":"closed","ping_status":"closed","template":"","meta":{"footnotes":""},"class_list":["post-13022","page","type-page","status-publish","has-post-thumbnail","hentry"],"acf":[],"_links":{"self":[{"href":"https:\/\/beta.tammikupesula.ee\/index.php?rest_route=\/wp\/v2\/pages\/13022","targetHints":{"allow":["GET"]}}],"collection":[{"href":"https:\/\/beta.tammikupesula.ee\/index.php?rest_route=\/wp\/v2\/pages"}],"about":[{"href":"https:\/\/beta.tammikupesula.ee\/index.php?rest_route=\/wp\/v2\/types\/page"}],"author":[{"embeddable":true,"href":"https:\/\/beta.tammikupesula.ee\/index.php?rest_route=\/wp\/v2\/users\/1"}],"replies":[{"embeddable":true,"href":"https:\/\/beta.tammikupesula.ee\/index.php?rest_route=%2Fwp%2Fv2%2Fcomments&post=13022"}],"version-history":[{"count":6,"href":"https:\/\/beta.tammikupesula.ee\/index.php?rest_route=\/wp\/v2\/pages\/13022\/revisions"}],"predecessor-version":[{"id":13110,"href":"https:\/\/beta.tammikupesula.ee\/index.php?rest_route=\/wp\/v2\/pages\/13022\/revisions\/13110"}],"up":[{"embeddable":true,"href":"https:\/\/beta.tammikupesula.ee\/index.php?rest_route=\/wp\/v2\/pages\/794"}],"wp:featuredmedia":[{"embeddable":true,"href":"https:\/\/beta.tammikupesula.ee\/index.php?rest_route=\/wp\/v2\/media\/12468"}],"wp:attachment":[{"href":"https:\/\/beta.tammikupesula.ee\/index.php?rest_route=%2Fwp%2Fv2%2Fmedia&parent=13022"}],"curies":[{"name":"wp","href":"https:\/\/api.w.org\/{rel}","templated":true}]}}