{"id":13029,"date":"2022-12-24T16:08:32","date_gmt":"2022-12-24T16:08:32","guid":{"rendered":"http:\/\/beta.tammikupesula.ee\/?page_id=13029"},"modified":"2022-12-24T17:38:02","modified_gmt":"2022-12-24T17:38:02","slug":"pigieemaldus","status":"publish","type":"page","link":"https:\/\/beta.tammikupesula.ee\/?page_id=13029","title":{"rendered":"Pigieemaldus"},"content":{"rendered":"<section class=\"wpb-content-wrapper\"><p>[vc_row css=&#8221;.vc_custom_1671903480536{margin-top: -20px !important;}&#8221;][vc_column][vc_column_text]<\/p>\n<h2>PIGIEEMALDUS<\/h2>\n<p>Sageli ainult\u00a0<a href=\"\/?page_id=815\">v\u00e4lispesust<\/a>\u00a0auto puhtakssaamiseks ei piisa.<\/p>\n<p><strong>T\u00f5rv, pigi, putukad<\/strong>\u00a0auto kerel ning tankimisest tekkinud j\u00e4ljed bensiinipaagi luugi \u00fcmbruses leotuspesu ja \u0161ampooniga ei kao! Selleks on vaja teostada pigipesu.<\/p>\n<p><strong>Pigi \u00a0ehk t\u00f5rvapesu<\/strong>\u00a0on soovitatav teha suveajal v\u00e4hemalt korra kuus ning talveajal v\u00e4hemalt kord n\u00e4dalas. Vastupidiselt arvamusele, et talvel ju pigi ei ole, kraabivad naastrehvid selle asfaldist autole kiiremini kui me arvatagi oskame.<\/p>\n<p><strong>Teostatavad t\u00f6\u00f6d<\/strong>\u00a0:<\/p>\n<p><strong><span style=\"color: #3d92e4;\">[icon type=&#8221;fas fa-check&#8221;]<\/span>\u00a0 <span style=\"color: #343434;\">T\u00f5rva &#8211; ja putukaeemaldusaine pealekandmine<\/span><\/strong><br \/>\n<strong><span style=\"color: #3d92e4;\">[icon type=&#8221;fas fa-check&#8221;]<\/span>\u00a0 <span style=\"color: #343434;\">Pesuaine pealekandmine<\/span><\/strong><br \/>\n<strong><span style=\"color: #3d92e4;\">[icon type=&#8221;fas fa-check&#8221;]<\/span>\u00a0 <span style=\"color: #343434;\">Svammi v\u00f5i pesuharjaga h\u00f5\u00f5rumine<\/span><\/strong><br \/>\n<strong><span style=\"color: #3d92e4;\">[icon type=&#8221;fas fa-check&#8221;]<\/span>\u00a0 <span style=\"color: #343434;\">Survepesuga loputamine<\/span><\/strong>[\/vc_column_text][\/vc_column][\/vc_row]<\/p>\n<\/section>","protected":false},"excerpt":{"rendered":"<p>Any building or structure more than two stories high requires special window cleaning. We have well-made, well-maintained tools<\/p>\n","protected":false},"author":1,"featured_media":12468,"parent":794,"menu_order":0,"comment_status":"closed","ping_status":"closed","template":"","meta":{"footnotes":""},"class_list":["post-13029","page","type-page","status-publish","has-post-thumbnail","hentry"],"acf":[],"_links":{"self":[{"href":"https:\/\/beta.tammikupesula.ee\/index.php?rest_route=\/wp\/v2\/pages\/13029","targetHints":{"allow":["GET"]}}],"collection":[{"href":"https:\/\/beta.tammikupesula.ee\/index.php?rest_route=\/wp\/v2\/pages"}],"about":[{"href":"https:\/\/beta.tammikupesula.ee\/index.php?rest_route=\/wp\/v2\/types\/page"}],"author":[{"embeddable":true,"href":"https:\/\/beta.tammikupesula.ee\/index.php?rest_route=\/wp\/v2\/users\/1"}],"replies":[{"embeddable":true,"href":"https:\/\/beta.tammikupesula.ee\/index.php?rest_route=%2Fwp%2Fv2%2Fcomments&post=13029"}],"version-history":[{"count":5,"href":"https:\/\/beta.tammikupesula.ee\/index.php?rest_route=\/wp\/v2\/pages\/13029\/revisions"}],"predecessor-version":[{"id":13111,"href":"https:\/\/beta.tammikupesula.ee\/index.php?rest_route=\/wp\/v2\/pages\/13029\/revisions\/13111"}],"up":[{"embeddable":true,"href":"https:\/\/beta.tammikupesula.ee\/index.php?rest_route=\/wp\/v2\/pages\/794"}],"wp:featuredmedia":[{"embeddable":true,"href":"https:\/\/beta.tammikupesula.ee\/index.php?rest_route=\/wp\/v2\/media\/12468"}],"wp:attachment":[{"href":"https:\/\/beta.tammikupesula.ee\/index.php?rest_route=%2Fwp%2Fv2%2Fmedia&parent=13029"}],"curies":[{"name":"wp","href":"https:\/\/api.w.org\/{rel}","templated":true}]}}