{"id":2924,"date":"2016-11-04T11:31:22","date_gmt":"2016-11-04T11:31:22","guid":{"rendered":"http:\/\/qt.dev\/dev\/thecleaner\/?page_id=2924"},"modified":"2022-12-24T17:36:39","modified_gmt":"2022-12-24T17:36:39","slug":"projects","status":"publish","type":"page","link":"https:\/\/beta.tammikupesula.ee\/?page_id=2924","title":{"rendered":"Metoodika"},"content":{"rendered":"<section class=\"wpb-content-wrapper\"><p>[vc_row css=&#8221;.vc_custom_1671903397192{margin-top: -20px !important;margin-bottom: -85px !important;}&#8221;][vc_column][vc_column_text css=&#8221;.vc_custom_1671896903429{margin-bottom: -50px !important;}&#8221;]<\/p>\n<h2>TAMMIKU AUTOPESULA<\/h2>\n<p>Oma t\u00f6\u00f6s kasutame kvaliteetseid ning laialt\u00a0 tunnustust leidnud\u00a0<strong>car brite<\/strong>\u00a0ja\u00a0<strong>autoglym<\/strong>\u00a0autokeemiat<\/p>\n<p><strong><a href=\"http:\/\/www.carbrite.com\/\" target=\"_blank\" rel=\"noopener\">Car Brite profikeemia\u00a0<\/a><\/strong>&#8211; USA -s Indianapolises valmistatav\u00a0pea 1000-st tootest koosnev\u00a0profisari &#8211; pesuained, vahad, poleerimisvahendid, l\u00e4igestajad, l\u00f5hnastajad jne.\u00a0 2006 aastast kuulub\u00a0Car Brite koos Valvolinega samadele omanikele\u00a0kuuludes Ashland Divisioni. Kahe firma \u00fchinemisest tekkiv s\u00fcnergia loob senisest veelgi paremad v\u00f5imalused tootearenduseks ning klientide paremaks teenindamiseks. Car Brite on\u00a0ainult n\u00f5udlikule\u00a0<strong>professionaalile\u00a0<\/strong>suunitletud USA juhtiv autokeemiasari, mida toodetakse juba 1947 aastast.\u00a0<strong>Car Brite<\/strong>\u00a0p\u00fc\u00fcab olla vastavuses oma motoga &#8216;<strong>THE LEADER<\/strong>&#8216; ning uuendab pidevalt oma tootesarja. Selleks t\u00f6\u00f6tab Indianapolises asuvas tootmiskeskuses\u00a0teaduslabor, mis arvestab toodete arendamisel klientide ettepanekuid ning vajadusi, mis tulenevad nii kliimast kui ka autot\u00f6\u00f6stuses kasutatavatest uutest materjalidest. Just t\u00e4nu oma innovaatilisusele ongi tooted alati sammukese teistest ees.[\/vc_column_text][\/vc_column][\/vc_row]<\/p>\n<\/section>","protected":false},"excerpt":{"rendered":"<p>[vc_row css=&#8221;.vc_custom_1671903397192{margin-top: -20px !important;margin-bottom: -85px !important;}&#8221;][vc_column][vc_column_text css=&#8221;.vc_custom_1671896903429{margin-bottom: -50px !important;}&#8221;] TAMMIKU AUTOPESULA Oma t\u00f6\u00f6s kasutame kvaliteetseid ning laialt\u00a0 tunnustust leidnud\u00a0car brite\u00a0ja\u00a0autoglym\u00a0autokeemiat Car Brite profikeemia\u00a0&#8211; USA -s Indianapolises valmistatav\u00a0pea 1000-st tootest koosnev\u00a0profisari &#8211; pesuained, vahad, poleerimisvahendid, l\u00e4igestajad, l\u00f5hnastajad jne.\u00a0 2006 aastast kuulub\u00a0Car Brite koos Valvolinega samadele omanikele\u00a0kuuludes Ashland Divisioni. Kahe firma \u00fchinemisest tekkiv s\u00fcnergia loob senisest veelgi&hellip;<\/p>\n","protected":false},"author":1,"featured_media":0,"parent":0,"menu_order":0,"comment_status":"closed","ping_status":"closed","template":"","meta":{"footnotes":""},"class_list":["post-2924","page","type-page","status-publish","hentry"],"acf":[],"_links":{"self":[{"href":"https:\/\/beta.tammikupesula.ee\/index.php?rest_route=\/wp\/v2\/pages\/2924","targetHints":{"allow":["GET"]}}],"collection":[{"href":"https:\/\/beta.tammikupesula.ee\/index.php?rest_route=\/wp\/v2\/pages"}],"about":[{"href":"https:\/\/beta.tammikupesula.ee\/index.php?rest_route=\/wp\/v2\/types\/page"}],"author":[{"embeddable":true,"href":"https:\/\/beta.tammikupesula.ee\/index.php?rest_route=\/wp\/v2\/users\/1"}],"replies":[{"embeddable":true,"href":"https:\/\/beta.tammikupesula.ee\/index.php?rest_route=%2Fwp%2Fv2%2Fcomments&post=2924"}],"version-history":[{"count":8,"href":"https:\/\/beta.tammikupesula.ee\/index.php?rest_route=\/wp\/v2\/pages\/2924\/revisions"}],"predecessor-version":[{"id":13106,"href":"https:\/\/beta.tammikupesula.ee\/index.php?rest_route=\/wp\/v2\/pages\/2924\/revisions\/13106"}],"wp:attachment":[{"href":"https:\/\/beta.tammikupesula.ee\/index.php?rest_route=%2Fwp%2Fv2%2Fmedia&parent=2924"}],"curies":[{"name":"wp","href":"https:\/\/api.w.org\/{rel}","templated":true}]}}