{"id":40,"date":"2016-03-07T15:23:44","date_gmt":"2016-03-07T15:23:44","guid":{"rendered":"http:\/\/qt.dev\/dev\/thecleaner\/?page_id=40"},"modified":"2022-12-24T17:46:44","modified_gmt":"2022-12-24T17:46:44","slug":"home","status":"publish","type":"page","link":"https:\/\/beta.tammikupesula.ee\/","title":{"rendered":"Pealeht"},"content":{"rendered":"<section class=\"wpb-content-wrapper\"><p>[vc_row full_width=&#8221;stretch_row&#8221; css_animation=&#8221;none&#8221; type=&#8221;container&#8221; padding_top=&#8221;&#8221; padding_bottom=&#8221;&#8221; css=&#8221;.vc_custom_1671903873122{padding-top: 85px !important;background: #f5f7fb url(http:\/\/beta.tammikupesula.ee\/wp-content\/uploads\/2022\/12\/AdobeStock_66932447.jpeg?id=13068) !important;background-position: center !important;background-repeat: no-repeat !important;background-size: cover !important;}&#8221;][vc_column width=&#8221;1\/4&#8243; css=&#8221;.vc_custom_1537363366328{padding-top: 0px !important;}&#8221;][qt_animate_element css_animation=&#8221;bottom-to-top&#8221; animation_delay=&#8221;delay-100&#8243; animation_duration=&#8221;&#8221;][qt_iconbox iconbox_icon_symbol=&#8221;font-icon&#8221; iconbox_icon_position=&#8221;icon-top&#8221; iconbox_layout=&#8221;style-1&#8243; iconbox_alignment=&#8221;text-center&#8221; iconbox_enable_border_style=&#8221;true&#8221; iconbox_enable_hover_effect=&#8221;true&#8221; iconbox_heading=&#8221;K\u00fcsimuste korral&#8221; iconbox_icon=&#8221;fas fa-phone-alt&#8221; iconbox_heading_color=&#8221;#000000&#8243; iconbox_content_color=&#8221;#000000&#8243;]Helista meile[\/qt_iconbox][\/qt_animate_element][\/vc_column][vc_column width=&#8221;1\/4&#8243; css=&#8221;.vc_custom_1537363369342{padding-top: 0px !important;}&#8221;][qt_animate_element css_animation=&#8221;bottom-to-top&#8221; animation_delay=&#8221;delay-200&#8243; animation_duration=&#8221;&#8221;][qt_iconbox iconbox_icon_symbol=&#8221;font-icon&#8221; iconbox_icon_position=&#8221;icon-top&#8221; iconbox_layout=&#8221;style-1&#8243; iconbox_alignment=&#8221;text-center&#8221; iconbox_enable_border_style=&#8221;true&#8221; iconbox_enable_hover_effect=&#8221;true&#8221; iconbox_heading=&#8221;Broneeri aeg&#8221; iconbox_icon=&#8221;far fa-calendar-alt&#8221; iconbox_heading_color=&#8221;#000000&#8243; iconbox_content_color=&#8221;#000000&#8243;]Leiame teile sobiva aja[\/qt_iconbox][\/qt_animate_element][\/vc_column][vc_column width=&#8221;1\/4&#8243; css=&#8221;.vc_custom_1537363371960{padding-top: 0px !important;}&#8221;][qt_animate_element css_animation=&#8221;bottom-to-top&#8221; animation_delay=&#8221;delay-300&#8243; animation_duration=&#8221;&#8221;][qt_iconbox iconbox_icon_symbol=&#8221;font-icon&#8221; iconbox_icon_position=&#8221;icon-top&#8221; iconbox_layout=&#8221;style-1&#8243; iconbox_alignment=&#8221;text-center&#8221; iconbox_enable_border_style=&#8221;true&#8221; iconbox_enable_hover_effect=&#8221;true&#8221; iconbox_heading=&#8221;Kvaliteetne teenus&#8221; iconbox_icon=&#8221;ti-star&#8221; iconbox_heading_color=&#8221;#000000&#8243; iconbox_content_color=&#8221;#000000&#8243;]Teame mida teeme, ning omame pikaajalist kogemust[\/qt_iconbox][\/qt_animate_element][\/vc_column][vc_column width=&#8221;1\/4&#8243; css=&#8221;.vc_custom_1537363374877{padding-top: 0px !important;}&#8221;][qt_animate_element css_animation=&#8221;bottom-to-top&#8221; animation_delay=&#8221;delay-400&#8243; animation_duration=&#8221;&#8221;][qt_iconbox iconbox_icon_symbol=&#8221;font-icon&#8221; iconbox_icon_position=&#8221;icon-top&#8221; iconbox_layout=&#8221;style-1&#8243; iconbox_alignment=&#8221;text-center&#8221; iconbox_enable_border_style=&#8221;true&#8221; iconbox_enable_hover_effect=&#8221;true&#8221; iconbox_heading=&#8221;Kliendi rahulolu&#8221; iconbox_icon=&#8221;fas fa-handshake&#8221; iconbox_heading_color=&#8221;#0a0a0a&#8221; iconbox_content_color=&#8221;#000000&#8243;]Meie t\u00f6\u00f6 on l\u00f5petatud siis kui klient on rahul[\/qt_iconbox][\/qt_animate_element][\/vc_column][\/vc_row][vc_row css=&#8221;.vc_custom_1671904002647{margin-top: -10px !important;margin-bottom: 30px !important;}&#8221;][vc_column width=&#8221;1\/2&#8243;][qt_custom_heading heading_tag=&#8221;h4&#8243; heading_alignment=&#8221;text-left&#8221; css=&#8221;.vc_custom_1671881804160{margin-bottom: 20px !important;}&#8221; heading_main=&#8221;KVALITEETNE K\u00c4SIPESU TIPPSARJA AUTOKEEMIAGA NING PROFESSIONAALSE MEESKONNAGA&#8221;][vc_column_text css=&#8221;.vc_custom_1671881927183{margin-bottom: 0px !important;}&#8221;]Tammiku autopesula asub Tallinna kesklinnast 12 km ning 15 minuti s\u00f5idutee kaugusel, J\u00fcris.<br \/>\nOleme suunanud oma tegevuse kvaliteetse autopesuteenuste osutamisele.<br \/>\nMiks valida Tammiku autopesula? Kuna asume pealinnast pisut eemal, suudame madalamate p\u00fcsikulude kaudu pakkuda paremat hinda ilma kvaliteedi languseta.<\/p>\n<p>Tammiku autok\u00e4sipesula p\u00f5hitegevusaladeks on:<\/p>\n<ul>\n<li>Autode v\u00e4lipesu<\/li>\n<li>Autode sisepuhastus<\/li>\n<li>Autode keemiline puhastus<\/li>\n<\/ul>\n<p>Autode vahatamineK\u00fcsimuste korral on v\u00f5imalik meiega \u00fchendust v\u00f5tta, kas l\u00e4bi emaili: info@tammikupesula.ee v\u00f5i otse meie kodulehe infop\u00e4ringu.[\/vc_column_text][\/vc_column][vc_column width=&#8221;1\/2&#8243;][qt_iconbox iconbox_icon_symbol=&#8221;font-icon&#8221; iconbox_icon_position=&#8221;icon-left icon-float&#8221; iconbox_layout=&#8221;style-2&#8243; iconbox_wrap_border=&#8221;true&#8221; iconbox_icon=&#8221;fas fa-question-circle&#8221; iconbox_heading=&#8221;Uudised ja teated&#8221;]Hetkel puuduvad![\/qt_iconbox][qt_iconbox iconbox_icon_symbol=&#8221;font-icon&#8221; iconbox_icon_position=&#8221;icon-left icon-float&#8221; iconbox_layout=&#8221;style-2&#8243; iconbox_wrap_border=&#8221;true&#8221; iconbox_icon=&#8221;ti-crown&#8221; iconbox_heading=&#8221;KAMPAANIA&#8221;]P\u00fcsivahatus 80 \u20ac<br \/>\nNanovahatus 95 \u20ac[\/qt_iconbox][qt_iconbox iconbox_icon_symbol=&#8221;font-icon&#8221; iconbox_icon_position=&#8221;icon-left icon-float&#8221; iconbox_layout=&#8221;style-2&#8243; iconbox_wrap_border=&#8221;true&#8221; iconbox_icon=&#8221;fas fa-glass-cheers&#8221; iconbox_heading=&#8221;UUS&#8221;]AQUAPEL KLAASIVAHA! Hind 35 \u20ac[\/qt_iconbox][qt_before_after css=&#8221;.vc_custom_1671882203084{margin-top: 8px !important;}&#8221;][\/vc_column][\/vc_row][vc_row full_width=&#8221;stretch_row&#8221; type=&#8221;container&#8221; padding_top=&#8221;&#8221; padding_bottom=&#8221;&#8221; css=&#8221;.vc_custom_1671883728982{margin-bottom: 0px !important;padding-top: 0px !important;padding-bottom: 0px !important;background: #31363b url(http:\/\/beta.tammikupesula.ee\/wp-content\/uploads\/2018\/12\/world_dots-1.png?id=12462) !important;background-position: center !important;background-repeat: no-repeat !important;background-size: contain !important;}&#8221;][vc_column][qt_custom_heading heading_tag=&#8221;h4&#8243; heading_alignment=&#8221;text-center&#8221; heading_top_color=&#8221;#f7d32d&#8221; heading_main_color=&#8221;#f7d32d&#8221; css=&#8221;.vc_custom_1671883792787{margin-bottom: 15px !important;}&#8221; heading_main=&#8221;Meie s\u00e4ravamad tegemised&#8221;][vc_masonry_media_grid element_width=&#8221;2&#8243; grid_id=&#8221;vc_gid:1671903990913-adcf73f3-d1bc-3&#8243; include=&#8221;13062,12831,12825,12818,12817,13098&#8243;][\/vc_column][\/vc_row][vc_row full_width=&#8221;stretch_row&#8221; type=&#8221;container&#8221; padding_top=&#8221;&#8221; padding_bottom=&#8221;&#8221; css=&#8221;.vc_custom_1671883919131{margin-top: 0px !important;margin-bottom: 0px !important;padding-top: -30px !important;padding-bottom: 35px !important;background: #f5f7fb url(http:\/\/beta.tammikupesula.ee\/wp-content\/uploads\/2018\/06\/steps-bg-1.png?id=11039) !important;background-position: center !important;background-repeat: no-repeat !important;background-size: contain !important;}&#8221;][vc_column][qt_custom_heading heading_tag=&#8221;h2&#8243; heading_alignment=&#8221;text-left&#8221; heading_top=&#8221;Mida arvavad kliendid meie tegemistest&#8221; heading_main=&#8221;Klientide tagasiside&#8221; css=&#8221;.vc_custom_1671883953951{margin-bottom: 10px !important;}&#8221;][qt_testimonials type=&#8221;carousel&#8221; columns=&#8221;3&#8243; category=&#8221;all&#8221; arrows=&#8221;arrows-top-right&#8221; arrows_color=&#8221;arrows-darker&#8221; slideby=&#8221;3&#8243; layout=&#8221;layout-3&#8243; columns_tablet=&#8221;&#8221; columns_mobile=&#8221;&#8221; orderby=&#8221;orderby-date&#8221; order=&#8221;order-desc&#8221; infinite=&#8221;true&#8221; hide_headline=&#8221;true&#8221;][\/vc_column][\/vc_row][vc_row full_width=&#8221;stretch_row&#8221; css_animation=&#8221;bottom-to-top&#8221; css=&#8221;.vc_custom_1537372599254{margin-bottom: 0px !important;padding-top: 15px !important;padding-bottom: 45px !important;}&#8221;][vc_column css=&#8221;.vc_custom_1528389177988{padding-top: 30px !important;}&#8221;][qt_image_carousel columns=&#8221;5&#8243; arrows=&#8221;arrows-hide&#8221; slideby=&#8221;8&#8243; columns_tablet=&#8221;&#8221; columns_mobile=&#8221;&#8221; hover_effect=&#8221;true&#8221; infinite=&#8221;true&#8221; images=&#8221;12854,12856,12858,12860,12862,12863,12864,12865,12866,12867&#8243; custom_image_size=&#8221;full&#8221;][\/vc_column][\/vc_row][vc_row full_width=&#8221;stretch_row_content_no_spaces&#8221; css=&#8221;.vc_custom_1537372602017{margin-bottom: -70px !important;}&#8221;][vc_column css=&#8221;.vc_custom_1533653644385{padding-top: 0px !important;}&#8221;][qt_google_maps_iframe maps_address=&#8221;Veetorni 9, J\u00fcri, 75301 Harju maakond&#8221; maps_zoom=&#8221;18&#8243; maps_width_unit=&#8221;percentage&#8221;][\/vc_column][\/vc_row]<\/p>\n<\/section>","protected":false},"excerpt":{"rendered":"<p>[vc_row full_width=&#8221;stretch_row&#8221; css_animation=&#8221;none&#8221; type=&#8221;container&#8221; padding_top=&#8221;&#8221; padding_bottom=&#8221;&#8221; css=&#8221;.vc_custom_1671903873122{padding-top: 85px !important;background: #f5f7fb url(http:\/\/beta.tammikupesula.ee\/wp-content\/uploads\/2022\/12\/AdobeStock_66932447.jpeg?id=13068) !important;background-position: center !important;background-repeat: no-repeat !important;background-size: cover !important;}&#8221;][vc_column width=&#8221;1\/4&#8243; css=&#8221;.vc_custom_1537363366328{padding-top: 0px !important;}&#8221;][qt_animate_element css_animation=&#8221;bottom-to-top&#8221; animation_delay=&#8221;delay-100&#8243; animation_duration=&#8221;&#8221;][qt_iconbox iconbox_icon_symbol=&#8221;font-icon&#8221; iconbox_icon_position=&#8221;icon-top&#8221; iconbox_layout=&#8221;style-1&#8243; iconbox_alignment=&#8221;text-center&#8221; iconbox_enable_border_style=&#8221;true&#8221; iconbox_enable_hover_effect=&#8221;true&#8221; iconbox_heading=&#8221;K\u00fcsimuste korral&#8221; iconbox_icon=&#8221;fas fa-phone-alt&#8221; iconbox_heading_color=&#8221;#000000&#8243; iconbox_content_color=&#8221;#000000&#8243;]Helista meile[\/qt_iconbox][\/qt_animate_element][\/vc_column][vc_column width=&#8221;1\/4&#8243; css=&#8221;.vc_custom_1537363369342{padding-top: 0px !important;}&#8221;][qt_animate_element css_animation=&#8221;bottom-to-top&#8221; animation_delay=&#8221;delay-200&#8243; animation_duration=&#8221;&#8221;][qt_iconbox iconbox_icon_symbol=&#8221;font-icon&#8221; iconbox_icon_position=&#8221;icon-top&#8221; iconbox_layout=&#8221;style-1&#8243; iconbox_alignment=&#8221;text-center&#8221; iconbox_enable_border_style=&#8221;true&#8221; iconbox_enable_hover_effect=&#8221;true&#8221; iconbox_heading=&#8221;Broneeri aeg&#8221; iconbox_icon=&#8221;far fa-calendar-alt&#8221;&hellip;<\/p>\n","protected":false},"author":1,"featured_media":0,"parent":0,"menu_order":0,"comment_status":"closed","ping_status":"closed","template":"template-frontpage.php","meta":{"footnotes":""},"class_list":["post-40","page","type-page","status-publish","hentry"],"acf":[],"_links":{"self":[{"href":"https:\/\/beta.tammikupesula.ee\/index.php?rest_route=\/wp\/v2\/pages\/40","targetHints":{"allow":["GET"]}}],"collection":[{"href":"https:\/\/beta.tammikupesula.ee\/index.php?rest_route=\/wp\/v2\/pages"}],"about":[{"href":"https:\/\/beta.tammikupesula.ee\/index.php?rest_route=\/wp\/v2\/types\/page"}],"author":[{"embeddable":true,"href":"https:\/\/beta.tammikupesula.ee\/index.php?rest_route=\/wp\/v2\/users\/1"}],"replies":[{"embeddable":true,"href":"https:\/\/beta.tammikupesula.ee\/index.php?rest_route=%2Fwp%2Fv2%2Fcomments&post=40"}],"version-history":[{"count":126,"href":"https:\/\/beta.tammikupesula.ee\/index.php?rest_route=\/wp\/v2\/pages\/40\/revisions"}],"predecessor-version":[{"id":13125,"href":"https:\/\/beta.tammikupesula.ee\/index.php?rest_route=\/wp\/v2\/pages\/40\/revisions\/13125"}],"wp:attachment":[{"href":"https:\/\/beta.tammikupesula.ee\/index.php?rest_route=%2Fwp%2Fv2%2Fmedia&parent=40"}],"curies":[{"name":"wp","href":"https:\/\/api.w.org\/{rel}","templated":true}]}}