{"id":804,"date":"2016-06-02T17:23:30","date_gmt":"2016-06-02T17:23:30","guid":{"rendered":"http:\/\/qt.dev\/dev\/thecleaner\/?page_id=804"},"modified":"2022-12-24T17:37:18","modified_gmt":"2022-12-24T17:37:18","slug":"construction-cleaning","status":"publish","type":"page","link":"https:\/\/beta.tammikupesula.ee\/?page_id=804","title":{"rendered":"Klaasivahatamine"},"content":{"rendered":"<section class=\"wpb-content-wrapper\"><p>[vc_row css=&#8221;.vc_custom_1671903437095{margin-top: -20px !important;}&#8221;][vc_column][vc_column_text css=&#8221;.vc_custom_1671892808638{margin-top: -8px !important;margin-bottom: 30px !important;}&#8221;]<\/p>\n<h2>Aquapel Klaasitaastaja<\/h2>\n<p>Aquapel Glass Treatment on uusimal tehnoloogial p\u00f5hinev klaaside taastaja. Erinevalt klassikalistest klaasivahadest, mis ainult katavad klaasi vahasarnase kihiga, loob Aquapel klaasi molekulidega keemilised sidemed ehk lihtsamalt \u00f6eldes &#8220;saab klaasi osaks,&#8221; mitte ei kleepu lihtsalt pinnale. See tagab kuni 6 korda parema vastupidavuse.<\/p>\n<p>Taastaja muudab klaasi pinna siledaks ja h\u00fcdrofoobseks. Nii paraneb klaasipuhastajate t\u00f6\u00f6 efektiivsus, klaas muutub vett ja mustust h\u00fclgavaks ning kaovad n\u00e4htavust halvendav veekile ning pimedas s\u00f5ites ka tuledest tulenev sillerdus klaasil. T\u00e4nu pinna h\u00fcdrofoobsusele muutub veepiisa kaldenurk kuni 118 kraadini ehk veepiisk on osaliselt klaasi kohal \u00f5hus toetumata klaasile. Nii tekib vee piiskadeks muutumine ning klaasilt maha voolamine. Aine muudab valguse murdumisnurka klaasil, mist\u00f5ttu m\u00e4rja klaasi l\u00e4bipaistvus paraneb oluliselt. Eriti pimedas s\u00f5ites.<\/p>\n<p>Aquapeliga\/ ilma\u00a0\u00a0\u00a0\u00a0\u00a0\u00a0\u00a0\u00a0\u00a0\u00a0\u00a0\u00a0\u00a0\u00a0\u00a0 Aquapeliga\/ ilma<\/p>\n<p><img decoding=\"async\" src=\"https:\/\/tammikupesula.ee\/public\/aqua1.png\" alt=\"\" \/><img decoding=\"async\" src=\"https:\/\/tammikupesula.ee\/public\/aqua2.png\" alt=\"\" \/>[\/vc_column_text][vc_column_text css=&#8221;.vc_custom_1671893006549{margin-bottom: -50px !important;}&#8221;]<strong><span style=\"color: #3d92e4;\">[icon type=&#8221;fas fa-check&#8221;]<\/span>\u00a0 \u00a0<span style=\"color: #343434;\">v\u00f5rreldes klassikalise klaasivahaga kuni 6 korda pikem toime \u2013 isegi 10 kuud kuni aasta ja 20 000 km (s\u00f5ltuvalt pesust ja kojameeste kasutustihedusest)<\/span><\/strong><\/p>\n<p><strong><span style=\"color: #3d92e4;\">[icon type=&#8221;fas fa-check&#8221;]\u00a0<\/span>\u00a0\u00a0<span style=\"color: #343434;\">tavaline klaasipuhastusvahend ei v\u00e4henda Aquapeli toimet<\/span><\/strong><\/p>\n<p><strong><span style=\"color: #3d92e4;\">[icon type=&#8221;fas fa-check&#8221;]\u00a0<\/span>\u00a0\u00a0<span style=\"color: #343434;\">toote uuesti pealekandmisel ei pea vana kihti eemaldama<\/span><\/strong>[\/vc_column_text][\/vc_column][\/vc_row]<\/p>\n<\/section>","protected":false},"excerpt":{"rendered":"<p>If you&#8217;ve just finished construction work, let us get rid of the dirt and grime to make your development presentable and attractive<\/p>\n","protected":false},"author":1,"featured_media":12468,"parent":794,"menu_order":0,"comment_status":"closed","ping_status":"closed","template":"","meta":{"footnotes":""},"class_list":["post-804","page","type-page","status-publish","has-post-thumbnail","hentry"],"acf":[],"_links":{"self":[{"href":"https:\/\/beta.tammikupesula.ee\/index.php?rest_route=\/wp\/v2\/pages\/804","targetHints":{"allow":["GET"]}}],"collection":[{"href":"https:\/\/beta.tammikupesula.ee\/index.php?rest_route=\/wp\/v2\/pages"}],"about":[{"href":"https:\/\/beta.tammikupesula.ee\/index.php?rest_route=\/wp\/v2\/types\/page"}],"author":[{"embeddable":true,"href":"https:\/\/beta.tammikupesula.ee\/index.php?rest_route=\/wp\/v2\/users\/1"}],"replies":[{"embeddable":true,"href":"https:\/\/beta.tammikupesula.ee\/index.php?rest_route=%2Fwp%2Fv2%2Fcomments&post=804"}],"version-history":[{"count":21,"href":"https:\/\/beta.tammikupesula.ee\/index.php?rest_route=\/wp\/v2\/pages\/804\/revisions"}],"predecessor-version":[{"id":13108,"href":"https:\/\/beta.tammikupesula.ee\/index.php?rest_route=\/wp\/v2\/pages\/804\/revisions\/13108"}],"up":[{"embeddable":true,"href":"https:\/\/beta.tammikupesula.ee\/index.php?rest_route=\/wp\/v2\/pages\/794"}],"wp:featuredmedia":[{"embeddable":true,"href":"https:\/\/beta.tammikupesula.ee\/index.php?rest_route=\/wp\/v2\/media\/12468"}],"wp:attachment":[{"href":"https:\/\/beta.tammikupesula.ee\/index.php?rest_route=%2Fwp%2Fv2%2Fmedia&parent=804"}],"curies":[{"name":"wp","href":"https:\/\/api.w.org\/{rel}","templated":true}]}}