{"id":8976,"date":"2017-05-11T12:57:52","date_gmt":"2017-05-11T12:57:52","guid":{"rendered":"http:\/\/qt.dev\/dev\/thecleaner\/?page_id=8976"},"modified":"2022-12-24T17:39:15","modified_gmt":"2022-12-24T17:39:15","slug":"prices","status":"publish","type":"page","link":"https:\/\/beta.tammikupesula.ee\/?page_id=8976","title":{"rendered":"Hinnad"},"content":{"rendered":"<section class=\"wpb-content-wrapper\"><p>[vc_row css=&#8221;.vc_custom_1671903373674{margin-top: -20px !important;}&#8221;][vc_column][vc_message message_box_color=&#8221;alert-success&#8221;]<b>NB!<\/b>\u00a0Mahtuniversaali, linnamaasturi, maasturi ning kaubiku puhul hind<b>\u00a0kokkuleppel.<\/b>[\/vc_message][\/vc_column][\/vc_row][vc_row full_width=&#8221;stretch_row&#8221; css=&#8221;.vc_custom_1671894547546{margin-top: -135px !important;background: #f5f7fb url(https:\/\/thekleaner.qreativethemes.com\/wp-content\/uploads\/sites\/2\/2018\/06\/steps-bg.png?id=11039) !important;background-position: center !important;background-repeat: no-repeat !important;background-size: contain !important;}&#8221;][vc_column width=&#8221;1\/4&#8243;][qt_animate_element css_animation=&#8221;fadeIn&#8221; animation_delay=&#8221;&#8221; animation_duration=&#8221;&#8221;][qt_pricing_table pricing_currency=&#8221;\u20ac&#8221; pricing_included=&#8221;Leotus<br \/>\nSurvepesu<br \/>\nVaha\u0161ampoon<br \/>\nKerge kuivatus&#8221; pricing_excluded=&#8221;&#8221; pricing_title=&#8221;KIIRE V\u00c4LIPESU (suvi)&#8221; pricing_price=&#8221;15&#8243; pricing_link=&#8221;url:%23|||&#8221; pricing_label=&#8221;ALATES&#8221;][\/qt_animate_element][\/vc_column][vc_column width=&#8221;1\/4&#8243;][qt_animate_element css_animation=&#8221;fadeIn&#8221; animation_delay=&#8221;delay-100&#8243; animation_duration=&#8221;&#8221;][qt_pricing_table pricing_currency=&#8221;\u20ac&#8221; pricing_included=&#8221;Leotus<br \/>\nSurvepesu<br \/>\nVaha\u0161ampoon<br \/>\nUksevahede kuivatus<br \/>\nJalamattide puhastus<br \/>\nKuivatus&#8221; pricing_excluded=&#8221;&#8221; pricing_title=&#8221;SUVINE V\u00c4LIPESU&#8221; pricing_price=&#8221;20&#8243; pricing_link=&#8221;url:%23|||&#8221; pricing_label=&#8221;ALATES&#8221;][\/qt_animate_element][\/vc_column][vc_column width=&#8221;1\/4&#8243;][qt_animate_element css_animation=&#8221;fadeIn&#8221; animation_delay=&#8221;delay-200&#8243; animation_duration=&#8221;&#8221;][qt_pricing_table pricing_currency=&#8221;\u20ac&#8221; pricing_included=&#8221;Pigiaine<br \/>\nSurvepesu<br \/>\nVaha\u0161ampoon<br \/>\nVeljepesu happega<br \/>\nUksevahede pesu<br \/>\nJalamattide puhastus<br \/>\nP\u00f5hjalik kuivatus&#8221; pricing_excluded=&#8221;&#8221; pricing_featured=&#8221;true&#8221; pricing_title=&#8221;P\u00d5HJALIK V\u00c4LIPESU&#8221; pricing_price=&#8221;25&#8243; pricing_link=&#8221;url:%23|||&#8221; pricing_label=&#8221;ALATES&#8221;][\/qt_animate_element][\/vc_column][vc_column width=&#8221;1\/4&#8243;][qt_animate_element css_animation=&#8221;fadeIn&#8221; animation_delay=&#8221;delay-300&#8243; animation_duration=&#8221;&#8221;][qt_pricing_table pricing_currency=&#8221;\u20ac&#8221; pricing_included=&#8221;T\u00e4ielik pigieemaldus<br \/>\nP\u00f5hjalik v\u00e4lipesu&#8221; pricing_excluded=&#8221;&#8221; pricing_title=&#8221;P\u00d5HJALIK PIGIPESU&#8221; pricing_price=&#8221;30&#8243; pricing_link=&#8221;url:%23|||&#8221; pricing_label=&#8221;ALATES&#8221;][\/qt_animate_element][\/vc_column][\/vc_row][vc_row][vc_column][vc_column_text css=&#8221;.vc_custom_1671894870265{margin-bottom: 20px !important;}&#8221;]<\/p>\n<h2>AUTOPESULA HINNAKIRI<\/h2>\n<p>[\/vc_column_text][vc_column_text css=&#8221;.vc_custom_1671896240935{margin-bottom: -45px !important;}&#8221;]<\/p>\n<table border=\"0\" width=\"100%\" cellspacing=\"0\" cellpadding=\"0\">\n<tbody>\n<tr>\n<td bgcolor=\"LightGray\" width=\"482\">\n<h3><b>Teenus<\/b><\/h3>\n<\/td>\n<td bgcolor=\"LightGray\" width=\"76\">\n<h3 style=\"text-align: right;\"><b>S\u00f5iduauto<\/b><\/h3>\n<\/td>\n<\/tr>\n<tr>\n<td width=\"482\">KIIRE V\u00c4LIPESU (suvi) &#8211;\u00a0leotus, survepesu, vaha\u0161ampoon, kerge kuivatus<\/td>\n<td style=\"text-align: right;\" width=\"76\">al 15\u20ac<\/td>\n<\/tr>\n<tr>\n<td width=\"482\">KIIRE V\u00c4LIPESU (suvi) &#8211;\u00a0leotus, survepesu, vaha\u0161ampoon, kerge kuivatus<\/td>\n<td style=\"text-align: right;\" width=\"76\">al 15\u20ac<\/td>\n<\/tr>\n<tr>\n<td width=\"482\">SUVINE V\u00c4LIPESU &#8211;\u00a0leotus, survepesu, vaha\u0161ampoon, uksevahede kuivatus, jalamattide puhastus, kuivatus<\/td>\n<td style=\"text-align: right;\" width=\"76\">al 20\u20ac<\/td>\n<\/tr>\n<tr>\n<td width=\"482\">P\u00d5HJALIK V\u00c4LIPESU (talv, kevad, s\u00fcgis) &#8211;\u00a0pigiaine, survepesu, vaha\u0161ampoon, veljepesu happega, uksevahede pesu, jalamattide puhastus, p\u00f5hjalik kuivatus<\/td>\n<td style=\"text-align: right;\" width=\"76\">al 25\u20ac<\/td>\n<\/tr>\n<tr>\n<td width=\"482\">P\u00d5HJALIK PIGIPESU &#8211;\u00a0t\u00e4ielik pigieemaldus+p\u00f5hjalik v\u00e4lipesu<\/td>\n<td style=\"text-align: right;\" width=\"76\">al 30\u20ac<\/td>\n<\/tr>\n<tr>\n<td width=\"482\">SISEPUHASTUS &#8211;\u00a0tolmuimu, armatuuride puhastus, klaaside sisepesu, jalamattide puhastus, pagasiruumi puhastus<\/td>\n<td style=\"text-align: right;\" width=\"76\">al 25\u20ac<\/td>\n<\/tr>\n<tr>\n<td width=\"482\">SALONGI KEEMILINE PUHASTUS &#8211;\u00a0laepuhastus, tekstiilistmete masinpesu, vin\u00fc\u00fclpindade puhastus, raskesti eemaldatavate plekkide puhastus, klaaside sisepesu<\/td>\n<td style=\"text-align: right;\" width=\"76\">al 110\u20ac<\/td>\n<\/tr>\n<tr>\n<td width=\"482\">L\u00c4IKEVAHA (sisaldab p\u00f5hjalikku v\u00e4lipesu)<\/td>\n<td style=\"text-align: right;\" width=\"76\">al 35\u20ac<\/td>\n<\/tr>\n<tr>\n<td width=\"482\">L\u00c4IKEVAHA (sisaldab p\u00f5hjalikku pigieemaldust)<\/td>\n<td style=\"text-align: right;\" width=\"76\">al 40\u20ac<\/td>\n<\/tr>\n<tr>\n<td width=\"482\">VAHATAMINE (p\u00fcsivaha) &#8211;\u00a0Meguiar&#8217;s Ultimate Wax Paste<\/td>\n<td style=\"text-align: right;\" width=\"76\">al 95\u20ac<\/td>\n<\/tr>\n<tr>\n<td width=\"482\">P\u00dcSIVAHATAMINE (nanotehnoloogia) -Nano\u00a0Blueberry Wax<\/td>\n<td style=\"text-align: right;\" width=\"76\">al 110\u20ac<\/td>\n<\/tr>\n<tr>\n<td width=\"482\">POLEERIMINE<\/td>\n<td style=\"text-align: right;\" width=\"76\">al 250\u20ac<\/td>\n<\/tr>\n<tr>\n<td width=\"482\">MOOTORIPESU (omavastutusel)<\/td>\n<td style=\"text-align: right;\" width=\"76\">al 20\u20ac<\/td>\n<\/tr>\n<tr>\n<td width=\"482\">AQUAPEL KLAASIVAHATUS<\/td>\n<td style=\"text-align: right;\" width=\"76\">al 35\u20ac<\/td>\n<\/tr>\n<tr>\n<td width=\"482\">NAHKSISU HOOLDUS &#8211;\u00a0puhastus ja kreemitamine<\/td>\n<td style=\"text-align: right;\" width=\"76\">al 40\u20ac<\/td>\n<\/tr>\n<\/tbody>\n<\/table>\n<p>[\/vc_column_text][\/vc_column][\/vc_row]<\/p>\n<\/section>","protected":false},"excerpt":{"rendered":"<p>[vc_row css=&#8221;.vc_custom_1671903373674{margin-top: -20px !important;}&#8221;][vc_column][vc_message message_box_color=&#8221;alert-success&#8221;]NB!\u00a0Mahtuniversaali, linnamaasturi, maasturi ning kaubiku puhul hind\u00a0kokkuleppel.[\/vc_message][\/vc_column][\/vc_row][vc_row full_width=&#8221;stretch_row&#8221; css=&#8221;.vc_custom_1671894547546{margin-top: -135px !important;background: #f5f7fb url(https:\/\/thekleaner.qreativethemes.com\/wp-content\/uploads\/sites\/2\/2018\/06\/steps-bg.png?id=11039) !important;background-position: center !important;background-repeat: no-repeat !important;background-size: contain !important;}&#8221;][vc_column width=&#8221;1\/4&#8243;][qt_animate_element css_animation=&#8221;fadeIn&#8221; animation_delay=&#8221;&#8221; animation_duration=&#8221;&#8221;][qt_pricing_table pricing_currency=&#8221;\u20ac&#8221; pricing_included=&#8221;Leotus Survepesu Vaha\u0161ampoon Kerge kuivatus&#8221; pricing_excluded=&#8221;&#8221; pricing_title=&#8221;KIIRE V\u00c4LIPESU (suvi)&#8221; pricing_price=&#8221;15&#8243; pricing_link=&#8221;url:%23|||&#8221; pricing_label=&#8221;ALATES&#8221;][\/qt_animate_element][\/vc_column][vc_column width=&#8221;1\/4&#8243;][qt_animate_element css_animation=&#8221;fadeIn&#8221; animation_delay=&#8221;delay-100&#8243; animation_duration=&#8221;&#8221;][qt_pricing_table pricing_currency=&#8221;\u20ac&#8221; pricing_included=&#8221;Leotus Survepesu Vaha\u0161ampoon Uksevahede kuivatus Jalamattide puhastus Kuivatus&#8221; pricing_excluded=&#8221;&#8221;&hellip;<\/p>\n","protected":false},"author":1,"featured_media":0,"parent":0,"menu_order":0,"comment_status":"closed","ping_status":"closed","template":"","meta":{"footnotes":""},"class_list":["post-8976","page","type-page","status-publish","hentry"],"acf":[],"_links":{"self":[{"href":"https:\/\/beta.tammikupesula.ee\/index.php?rest_route=\/wp\/v2\/pages\/8976","targetHints":{"allow":["GET"]}}],"collection":[{"href":"https:\/\/beta.tammikupesula.ee\/index.php?rest_route=\/wp\/v2\/pages"}],"about":[{"href":"https:\/\/beta.tammikupesula.ee\/index.php?rest_route=\/wp\/v2\/types\/page"}],"author":[{"embeddable":true,"href":"https:\/\/beta.tammikupesula.ee\/index.php?rest_route=\/wp\/v2\/users\/1"}],"replies":[{"embeddable":true,"href":"https:\/\/beta.tammikupesula.ee\/index.php?rest_route=%2Fwp%2Fv2%2Fcomments&post=8976"}],"version-history":[{"count":48,"href":"https:\/\/beta.tammikupesula.ee\/index.php?rest_route=\/wp\/v2\/pages\/8976\/revisions"}],"predecessor-version":[{"id":13114,"href":"https:\/\/beta.tammikupesula.ee\/index.php?rest_route=\/wp\/v2\/pages\/8976\/revisions\/13114"}],"wp:attachment":[{"href":"https:\/\/beta.tammikupesula.ee\/index.php?rest_route=%2Fwp%2Fv2%2Fmedia&parent=8976"}],"curies":[{"name":"wp","href":"https:\/\/api.w.org\/{rel}","templated":true}]}}